{"id":917,"date":"2025-04-28T10:59:08","date_gmt":"2025-04-28T08:59:08","guid":{"rendered":"https:\/\/noicoffee.es\/?post_type=product&#038;p=917"},"modified":"2025-04-30T12:21:08","modified_gmt":"2025-04-30T10:21:08","slug":"limon-y-semillas-de-amapolla","status":"publish","type":"product","link":"https:\/\/noicoffee.es\/en\/producto\/limon-y-semillas-de-amapolla\/","title":{"rendered":"Lim\u00f3n y semillas de amapolla"},"content":{"rendered":"<p>El lim\u00f3n de Lanzarote tiene algo que nos encanta.<\/p>\n<p>Un autentico bizcocho de lim\u00f3n glaseado con un toque acido y repleto de semillas de amapola ecologicas. Si eres fan del lim\u00f3n este bizcocho es tu mejor aliado.<\/p>\n<p><strong>M\u00c1S INFO<\/strong><\/p>\n<ul>\n<li>Formato: 8\/9 UNIDADES<\/li>\n<li>Pedido minimo 48h de antelaci\u00f3n.<\/li>\n<\/ul>\n<p><strong>100% sin gluten, con todo el sabor.<\/strong><br \/>\nNuestros productos est\u00e1n elaborados bajo rigurosos est\u00e1ndares de calidad para garantizar con maxima seguridad, un producto libre de gluten y contaminaci\u00f3n cruzada, para que todo el mundo pueda disfrutar sin preocupaciones.<\/p>\n<p><strong>ALERGENOS:\u00a0<\/strong>FRUTOS SECOS, CACAHUETES, SOJA, LACTEOS, HUEVOS<\/p>\n","protected":false},"excerpt":{"rendered":"<p>El lim\u00f3n de Lanzarote tiene algo que nos encanta. Un autentico bizcocho de lim\u00f3n glaseado con un toque acido y repleto de semillas de amapola ecologicas. Si eres fan del lim\u00f3n este bizcocho es tu mejor aliado. M\u00c1S INFO Formato: 8\/9 UNIDADES Pedido minimo 48h de antelaci\u00f3n. 100% sin gluten, con todo el sabor. Nuestros [&hellip;]<\/p>\n","protected":false},"featured_media":920,"comment_status":"closed","ping_status":"closed","template":"","meta":{"_acf_changed":false,"site-sidebar-layout":"default","site-content-layout":"","ast-site-content-layout":"default","site-content-style":"default","site-sidebar-style":"default","ast-global-header-display":"","ast-banner-title-visibility":"","ast-main-header-display":"","ast-hfb-above-header-display":"","ast-hfb-below-header-display":"","ast-hfb-mobile-header-display":"","site-post-title":"","ast-breadcrumbs-content":"","ast-featured-img":"","footer-sml-layout":"","theme-transparent-header-meta":"default","adv-header-id-meta":"","stick-header-meta":"","header-above-stick-meta":"","header-main-stick-meta":"","header-below-stick-meta":"","astra-migrate-meta-layouts":"set","ast-page-background-enabled":"default","ast-page-background-meta":{"desktop":{"background-color":"var(--ast-global-color-4)","background-image":"","background-repeat":"repeat","background-position":"center center","background-size":"auto","background-attachment":"scroll","background-type":"","background-media":"","overlay-type":"","overlay-color":"","overlay-opacity":"","overlay-gradient":""},"tablet":{"background-color":"","background-image":"","background-repeat":"repeat","background-position":"center center","background-size":"auto","background-attachment":"scroll","background-type":"","background-media":"","overlay-type":"","overlay-color":"","overlay-opacity":"","overlay-gradient":""},"mobile":{"background-color":"","background-image":"","background-repeat":"repeat","background-position":"center center","background-size":"auto","background-attachment":"scroll","background-type":"","background-media":"","overlay-type":"","overlay-color":"","overlay-opacity":"","overlay-gradient":""}},"ast-content-background-meta":{"desktop":{"background-color":"var(--ast-global-color-5)","background-image":"","background-repeat":"repeat","background-position":"center center","background-size":"auto","background-attachment":"scroll","background-type":"","background-media":"","overlay-type":"","overlay-color":"","overlay-opacity":"","overlay-gradient":""},"tablet":{"background-color":"var(--ast-global-color-5)","background-image":"","background-repeat":"repeat","background-position":"center center","background-size":"auto","background-attachment":"scroll","background-type":"","background-media":"","overlay-type":"","overlay-color":"","overlay-opacity":"","overlay-gradient":""},"mobile":{"background-color":"var(--ast-global-color-5)","background-image":"","background-repeat":"repeat","background-position":"center center","background-size":"auto","background-attachment":"scroll","background-type":"","background-media":"","overlay-type":"","overlay-color":"","overlay-opacity":"","overlay-gradient":""}}},"product_brand":[],"product_cat":[23],"product_tag":[],"class_list":{"0":"post-917","1":"product","2":"type-product","3":"status-publish","4":"has-post-thumbnail","6":"product_cat-bizcochos","7":"desktop-align-left","8":"tablet-align-left","9":"mobile-align-left","11":"first","12":"instock","13":"shipping-taxable","14":"purchasable","15":"product-type-simple"},"acf":[],"yoast_head":"<!-- This site is optimized with the Yoast SEO plugin v24.8.1 - https:\/\/yoast.com\/wordpress\/plugins\/seo\/ -->\n<title>Lim\u00f3n y semillas de amapolla - NOI COFFEE<\/title>\n<meta name=\"description\" content=\"Lim\u00f3n y Semillas de Amapola, el producto artesanal de NOI Coffee. Sabor fresco y natural para acompa\u00f1ar tu caf\u00e9. \u00a1Pru\u00e9balo!\" \/>\n<meta name=\"robots\" content=\"index, follow, max-snippet:-1, max-image-preview:large, max-video-preview:-1\" \/>\n<link rel=\"canonical\" href=\"https:\/\/noicoffee.es\/en\/producto\/limon-y-semillas-de-amapolla\/\" \/>\n<meta property=\"og:locale\" content=\"en_US\" \/>\n<meta property=\"og:type\" content=\"article\" \/>\n<meta property=\"og:title\" content=\"Lim\u00f3n y semillas de amapolla - NOI COFFEE\" \/>\n<meta property=\"og:description\" content=\"Lim\u00f3n y Semillas de Amapola, el producto artesanal de NOI Coffee. Sabor fresco y natural para acompa\u00f1ar tu caf\u00e9. \u00a1Pru\u00e9balo!\" \/>\n<meta property=\"og:url\" content=\"https:\/\/noicoffee.es\/en\/producto\/limon-y-semillas-de-amapolla\/\" \/>\n<meta property=\"og:site_name\" content=\"NOI COFFEE\" \/>\n<meta property=\"article:modified_time\" content=\"2025-04-30T10:21:08+00:00\" \/>\n<meta property=\"og:image\" content=\"https:\/\/noicoffee.es\/wp-content\/uploads\/2025\/04\/IMG_7280-scaled.jpg\" \/>\n\t<meta property=\"og:image:width\" content=\"2560\" \/>\n\t<meta property=\"og:image:height\" content=\"1707\" \/>\n\t<meta property=\"og:image:type\" content=\"image\/jpeg\" \/>\n<meta name=\"twitter:card\" content=\"summary_large_image\" \/>\n<meta name=\"twitter:label1\" content=\"Est. reading time\" \/>\n\t<meta name=\"twitter:data1\" content=\"1 minute\" \/>\n<script type=\"application\/ld+json\" class=\"yoast-schema-graph\">{\"@context\":\"https:\/\/schema.org\",\"@graph\":[{\"@type\":\"WebPage\",\"@id\":\"https:\/\/noicoffee.es\/en\/producto\/limon-y-semillas-de-amapolla\/\",\"url\":\"https:\/\/noicoffee.es\/en\/producto\/limon-y-semillas-de-amapolla\/\",\"name\":\"Lim\u00f3n y semillas de amapolla - NOI COFFEE\",\"isPartOf\":{\"@id\":\"https:\/\/noicoffee.es\/en\/#website\"},\"primaryImageOfPage\":{\"@id\":\"https:\/\/noicoffee.es\/en\/producto\/limon-y-semillas-de-amapolla\/#primaryimage\"},\"image\":{\"@id\":\"https:\/\/noicoffee.es\/en\/producto\/limon-y-semillas-de-amapolla\/#primaryimage\"},\"thumbnailUrl\":\"https:\/\/noicoffee.es\/wp-content\/uploads\/2025\/04\/IMG_7280-scaled.jpg\",\"datePublished\":\"2025-04-28T08:59:08+00:00\",\"dateModified\":\"2025-04-30T10:21:08+00:00\",\"description\":\"Lim\u00f3n y Semillas de Amapola, el producto artesanal de NOI Coffee. Sabor fresco y natural para acompa\u00f1ar tu caf\u00e9. \u00a1Pru\u00e9balo!\",\"breadcrumb\":{\"@id\":\"https:\/\/noicoffee.es\/en\/producto\/limon-y-semillas-de-amapolla\/#breadcrumb\"},\"inLanguage\":\"en-US\",\"potentialAction\":[{\"@type\":\"ReadAction\",\"target\":[\"https:\/\/noicoffee.es\/en\/producto\/limon-y-semillas-de-amapolla\/\"]}]},{\"@type\":\"ImageObject\",\"inLanguage\":\"en-US\",\"@id\":\"https:\/\/noicoffee.es\/en\/producto\/limon-y-semillas-de-amapolla\/#primaryimage\",\"url\":\"https:\/\/noicoffee.es\/wp-content\/uploads\/2025\/04\/IMG_7280-scaled.jpg\",\"contentUrl\":\"https:\/\/noicoffee.es\/wp-content\/uploads\/2025\/04\/IMG_7280-scaled.jpg\",\"width\":2560,\"height\":1707},{\"@type\":\"BreadcrumbList\",\"@id\":\"https:\/\/noicoffee.es\/en\/producto\/limon-y-semillas-de-amapolla\/#breadcrumb\",\"itemListElement\":[{\"@type\":\"ListItem\",\"position\":1,\"name\":\"Portada\",\"item\":\"https:\/\/noicoffee.es\/en\/\"},{\"@type\":\"ListItem\",\"position\":2,\"name\":\"Shop\",\"item\":\"https:\/\/noicoffee.es\/tienda\/\"},{\"@type\":\"ListItem\",\"position\":3,\"name\":\"Lim\u00f3n y semillas de amapolla\"}]},{\"@type\":\"WebSite\",\"@id\":\"https:\/\/noicoffee.es\/en\/#website\",\"url\":\"https:\/\/noicoffee.es\/en\/\",\"name\":\"NOI COFFEE\",\"description\":\"Caf\u00e9 de especialidad y reposter\u00eda inclusiva, siempre en movimiento\",\"potentialAction\":[{\"@type\":\"SearchAction\",\"target\":{\"@type\":\"EntryPoint\",\"urlTemplate\":\"https:\/\/noicoffee.es\/en\/?s={search_term_string}\"},\"query-input\":{\"@type\":\"PropertyValueSpecification\",\"valueRequired\":true,\"valueName\":\"search_term_string\"}}],\"inLanguage\":\"en-US\"}]}<\/script>\n<!-- \/ Yoast SEO plugin. -->","yoast_head_json":{"title":"Lim\u00f3n y semillas de amapolla - NOI COFFEE","description":"Lim\u00f3n y Semillas de Amapola, el producto artesanal de NOI Coffee. Sabor fresco y natural para acompa\u00f1ar tu caf\u00e9. \u00a1Pru\u00e9balo!","robots":{"index":"index","follow":"follow","max-snippet":"max-snippet:-1","max-image-preview":"max-image-preview:large","max-video-preview":"max-video-preview:-1"},"canonical":"https:\/\/noicoffee.es\/en\/producto\/limon-y-semillas-de-amapolla\/","og_locale":"en_US","og_type":"article","og_title":"Lim\u00f3n y semillas de amapolla - NOI COFFEE","og_description":"Lim\u00f3n y Semillas de Amapola, el producto artesanal de NOI Coffee. Sabor fresco y natural para acompa\u00f1ar tu caf\u00e9. \u00a1Pru\u00e9balo!","og_url":"https:\/\/noicoffee.es\/en\/producto\/limon-y-semillas-de-amapolla\/","og_site_name":"NOI COFFEE","article_modified_time":"2025-04-30T10:21:08+00:00","og_image":[{"width":2560,"height":1707,"url":"https:\/\/noicoffee.es\/wp-content\/uploads\/2025\/04\/IMG_7280-scaled.jpg","type":"image\/jpeg"}],"twitter_card":"summary_large_image","twitter_misc":{"Est. reading time":"1 minute"},"schema":{"@context":"https:\/\/schema.org","@graph":[{"@type":"WebPage","@id":"https:\/\/noicoffee.es\/en\/producto\/limon-y-semillas-de-amapolla\/","url":"https:\/\/noicoffee.es\/en\/producto\/limon-y-semillas-de-amapolla\/","name":"Lim\u00f3n y semillas de amapolla - NOI COFFEE","isPartOf":{"@id":"https:\/\/noicoffee.es\/en\/#website"},"primaryImageOfPage":{"@id":"https:\/\/noicoffee.es\/en\/producto\/limon-y-semillas-de-amapolla\/#primaryimage"},"image":{"@id":"https:\/\/noicoffee.es\/en\/producto\/limon-y-semillas-de-amapolla\/#primaryimage"},"thumbnailUrl":"https:\/\/noicoffee.es\/wp-content\/uploads\/2025\/04\/IMG_7280-scaled.jpg","datePublished":"2025-04-28T08:59:08+00:00","dateModified":"2025-04-30T10:21:08+00:00","description":"Lim\u00f3n y Semillas de Amapola, el producto artesanal de NOI Coffee. Sabor fresco y natural para acompa\u00f1ar tu caf\u00e9. \u00a1Pru\u00e9balo!","breadcrumb":{"@id":"https:\/\/noicoffee.es\/en\/producto\/limon-y-semillas-de-amapolla\/#breadcrumb"},"inLanguage":"en-US","potentialAction":[{"@type":"ReadAction","target":["https:\/\/noicoffee.es\/en\/producto\/limon-y-semillas-de-amapolla\/"]}]},{"@type":"ImageObject","inLanguage":"en-US","@id":"https:\/\/noicoffee.es\/en\/producto\/limon-y-semillas-de-amapolla\/#primaryimage","url":"https:\/\/noicoffee.es\/wp-content\/uploads\/2025\/04\/IMG_7280-scaled.jpg","contentUrl":"https:\/\/noicoffee.es\/wp-content\/uploads\/2025\/04\/IMG_7280-scaled.jpg","width":2560,"height":1707},{"@type":"BreadcrumbList","@id":"https:\/\/noicoffee.es\/en\/producto\/limon-y-semillas-de-amapolla\/#breadcrumb","itemListElement":[{"@type":"ListItem","position":1,"name":"Portada","item":"https:\/\/noicoffee.es\/en\/"},{"@type":"ListItem","position":2,"name":"Shop","item":"https:\/\/noicoffee.es\/tienda\/"},{"@type":"ListItem","position":3,"name":"Lim\u00f3n y semillas de amapolla"}]},{"@type":"WebSite","@id":"https:\/\/noicoffee.es\/en\/#website","url":"https:\/\/noicoffee.es\/en\/","name":"NOI COFFEE","description":"Caf\u00e9 de especialidad y reposter\u00eda inclusiva, siempre en movimiento","potentialAction":[{"@type":"SearchAction","target":{"@type":"EntryPoint","urlTemplate":"https:\/\/noicoffee.es\/en\/?s={search_term_string}"},"query-input":{"@type":"PropertyValueSpecification","valueRequired":true,"valueName":"search_term_string"}}],"inLanguage":"en-US"}]}},"_links":{"self":[{"href":"https:\/\/noicoffee.es\/en\/wp-json\/wp\/v2\/product\/917","targetHints":{"allow":["GET"]}}],"collection":[{"href":"https:\/\/noicoffee.es\/en\/wp-json\/wp\/v2\/product"}],"about":[{"href":"https:\/\/noicoffee.es\/en\/wp-json\/wp\/v2\/types\/product"}],"replies":[{"embeddable":true,"href":"https:\/\/noicoffee.es\/en\/wp-json\/wp\/v2\/comments?post=917"}],"wp:featuredmedia":[{"embeddable":true,"href":"https:\/\/noicoffee.es\/en\/wp-json\/wp\/v2\/media\/920"}],"wp:attachment":[{"href":"https:\/\/noicoffee.es\/en\/wp-json\/wp\/v2\/media?parent=917"}],"wp:term":[{"taxonomy":"product_brand","embeddable":true,"href":"https:\/\/noicoffee.es\/en\/wp-json\/wp\/v2\/product_brand?post=917"},{"taxonomy":"product_cat","embeddable":true,"href":"https:\/\/noicoffee.es\/en\/wp-json\/wp\/v2\/product_cat?post=917"},{"taxonomy":"product_tag","embeddable":true,"href":"https:\/\/noicoffee.es\/en\/wp-json\/wp\/v2\/product_tag?post=917"}],"curies":[{"name":"wp","href":"https:\/\/api.w.org\/{rel}","templated":true}]}}